{"id":533,"date":"2021-08-06T15:14:26","date_gmt":"2021-08-06T15:14:26","guid":{"rendered":"http:\/\/www.cenecu.com\/web\/?page_id=2"},"modified":"2021-08-06T15:24:37","modified_gmt":"2021-08-06T15:24:37","slug":"personalidad-y-liderazgo-jovenes-y-adolescentes","status":"publish","type":"page","link":"https:\/\/www.cenecu.com\/web\/personalidad-y-liderazgo-jovenes-y-adolescentes\/","title":{"rendered":"PERSONALIDAD y LIDERAZGO J\u00f3venes y Adolescentes"},"content":{"rendered":"\n\n\n\n<p><br><\/p>\n\n\n\n\n\n\n<span><span>PERSONALIDAD y LIDERAZGO&nbsp;<\/span><\/span>J\u00f3venes y Adolescentes&nbsp;\n\n\n\n\n\n\n\n\n\n\n<p class=\"font_8\" style=\"border: 0px; outline: 0px; vertical-align: baseline; background-image: initial; background-position: initial; background-size: initial; background-repeat: initial; background-attachment: initial; background-origin: initial; background-clip: initial; pointer-events: auto; font-size: 16px; line-height: normal; text-align: justify;\"><span style=\"font-family:open sans,sans-serif\">Un programa de Motivaci\u00f3n y Capacitaci\u00f3n para eliminar debilidades y adquirir fortalezas que contribuyan a una conducta social basada en valores y virtudes humanas.&nbsp; El \u00e9nfasis est\u00e1 centrado en elevar la autoestima, desarrollar el amor propio, inteligencia emocional y habilidades para superar crisis, erradicar vicios y malos h\u00e1bitos.&nbsp; El adolescente del siglo XXI necesita ayuda para enfrentar lo que trae consigo el avance de la tecnolog\u00eda y la ciencia.&nbsp; Avances que producen abundantes y vertiginosos cambios.<\/span><\/p>\n\n\n\n\n\n<p><b>CONTENIDO<\/b><\/p>\n\n<ul style=\"font-family:open sans,sans-serif\" class=\"font_8\"><li><p class=\"font_8\"><span style=\"font-family:open sans,sans-serif\">COMPRENSI\u00d3N DE LA NATURALEZA HUMANA<\/span><\/p><\/li><li><p class=\"font_8\"><span style=\"font-family:open sans,sans-serif\">C\u00d3MO ELIMINAR DEBILIDADES Y DESARROLLAR FORTALEZAS<\/span><\/p><\/li><li><p class=\"font_8\"><span style=\"font-family:open sans,sans-serif\">HABILIDADES PARA SUPERAR CRISIS Y DIFICULTADES<\/span><\/p><\/li><li><p class=\"font_8\"><span style=\"font-family:open sans,sans-serif\">EL DESARROLLO DE LA INTELIGENCIA EMOCIONAL<\/span><\/p><\/li><li><p class=\"font_8\"><span style=\"font-family:open sans,sans-serif\">EL DESARROLLO DEL LIDERAZGO PERSONAL<\/span><\/p><\/li><li><p class=\"font_8\"><span style=\"font-family:open sans,sans-serif\">DESARROLLO Y EQUILIBRIO DE LA PERSONALIDAD<\/span><\/p><\/li><li><p class=\"font_8\"><span style=\"font-family:open sans,sans-serif\">C\u00d3MO ELEVAR LA AUTOESTIMA<\/span><\/p><\/li><li><p class=\"font_8\"><span style=\"font-family:open sans,sans-serif\">LA DIN\u00c1MICA DE LAS RELACIONES INTERPERSONALES<\/span><\/p><\/li><li><p class=\"font_8\"><span style=\"font-family:open sans,sans-serif\">C\u00d3MO HACER DE LA COMUNICACI\u00d3N LA CLAVE DEL \u00c9XITO<\/span><\/p><\/li><\/ul>\n\n\n\n\n\n\n\n\n\n<p><b>DETALLES<\/b><\/p>\n\n<p><span><span>Tipo de Evento:<\/span>&nbsp;&nbsp;&nbsp;&nbsp;&nbsp;&nbsp;&nbsp;&nbsp;&nbsp;&nbsp;&nbsp;&nbsp;&nbsp;&nbsp;&nbsp;&nbsp;&nbsp;&nbsp;&nbsp;Taller Interactivo<\/span><\/p><p><span><span>Dirigido a:&nbsp;<\/span>&nbsp; &nbsp; &nbsp; &nbsp; &nbsp; &nbsp; &nbsp; &nbsp; &nbsp; &nbsp; &nbsp; &nbsp; &nbsp; &nbsp;J\u00d3VENES Y ADOLESCENTES (12 a 19 a\u00f1os)<\/span><\/p><p><span><span>Metodolog\u00eda: <\/span>&nbsp; &nbsp; &nbsp; &nbsp; &nbsp; &nbsp; &nbsp; &nbsp; &nbsp; &nbsp; &nbsp; &nbsp;Sicodinamia Vivencial<\/span><\/p><p><span><span>Duraci\u00f3n:&nbsp;<\/span>&nbsp; &nbsp; &nbsp; &nbsp; &nbsp; &nbsp; &nbsp; &nbsp; &nbsp; &nbsp; &nbsp; &nbsp; &nbsp; &nbsp; 30 horas &#8211;<\/span><\/p><p><span><span>Instructores:&nbsp; <\/span>&nbsp; &nbsp; &nbsp; &nbsp; &nbsp; &nbsp; &nbsp; &nbsp; &nbsp; &nbsp; &nbsp; Prof. Ricardo G\u00f3mez M. y Staff<\/span><\/p>\n\n\n\n\n\nM\u00c1S INFORMACI\u00d3N\n\n\n\n\n\n\n\n\n\n<div class=\"wpcf7 no-js\" id=\"wpcf7-f403-o1\" lang=\"es-ES\" dir=\"ltr\" data-wpcf7-id=\"403\">\n<div class=\"screen-reader-response\"><p role=\"status\" aria-live=\"polite\" aria-atomic=\"true\"><\/p> <ul><\/ul><\/div>\n<form action=\"\/web\/wp-json\/wp\/v2\/pages\/533#wpcf7-f403-o1\" method=\"post\" class=\"wpcf7-form init\" aria-label=\"Formulario de contacto\" novalidate=\"novalidate\" data-status=\"init\">\n<fieldset class=\"hidden-fields-container\"><input type=\"hidden\" name=\"_wpcf7\" value=\"403\" \/><input type=\"hidden\" name=\"_wpcf7_version\" value=\"6.1.5\" \/><input type=\"hidden\" name=\"_wpcf7_locale\" value=\"es_ES\" \/><input type=\"hidden\" name=\"_wpcf7_unit_tag\" value=\"wpcf7-f403-o1\" \/><input type=\"hidden\" name=\"_wpcf7_container_post\" value=\"0\" \/><input type=\"hidden\" name=\"_wpcf7_posted_data_hash\" value=\"\" \/>\n<\/fieldset>\n<p><b><label>\n\t\t\t<font size=3 face=\"arial, verdana\">Nombres\/Apellidos\n\t\t\t<\/font><br \/>\n<span class=\"wpcf7-form-control-wrap\" data-name=\"your-name\"><input size=\"40\" maxlength=\"400\" class=\"wpcf7-form-control wpcf7-text wpcf7-validates-as-required\" aria-required=\"true\" aria-invalid=\"false\" value=\"\" type=\"text\" name=\"your-name\" \/><\/span> <\/label><\/b>\n<\/p>\n<p><label><b>\n\t\t\t<font size=3 face=\"arial, verdana\">Celular\/whatsapp\n\t\t\t<\/font><br \/>\n<span class=\"wpcf7-form-control-wrap\" data-name=\"tel-270\"><input size=\"40\" maxlength=\"400\" class=\"wpcf7-form-control wpcf7-tel wpcf7-validates-as-required wpcf7-text wpcf7-validates-as-tel\" aria-required=\"true\" aria-invalid=\"false\" value=\"\" type=\"tel\" name=\"tel-270\" \/><\/span><\/b><\/label>\n<\/p>\n<p><label><b>\n\t\t\t<font size=3 face=\"arial, verdana\">Email\n\t\t\t<\/font><br \/>\n<span class=\"wpcf7-form-control-wrap\" data-name=\"your-email\"><input size=\"40\" maxlength=\"400\" class=\"wpcf7-form-control wpcf7-email wpcf7-validates-as-required wpcf7-text wpcf7-validates-as-email\" aria-required=\"true\" aria-invalid=\"false\" value=\"\" type=\"email\" name=\"your-email\" \/><\/span><\/b> <\/label>\n<\/p>\n<p><br \/>\n\t<font size=3 face=\"arial, verdana\"><b>Escoge el curso deseado<\/b>\n\t<\/font><br \/>\n\t<font size=3 face=\"arial, verdana\"><span class=\"wpcf7-form-control-wrap\" data-name=\"checkbox-250\"><span class=\"wpcf7-form-control wpcf7-checkbox wpcf7-validates-as-required\"><span class=\"wpcf7-list-item first\"><label><input type=\"checkbox\" name=\"checkbox-250[]\" value=\"La Excelencia en atenci\u00f3n al cliente\" \/><span class=\"wpcf7-list-item-label\">La Excelencia en atenci\u00f3n al cliente<\/span><\/label><\/span><span class=\"wpcf7-list-item\"><label><input type=\"checkbox\" name=\"checkbox-250[]\" value=\"Coaching de Excelencia Personal y Profesional\" \/><span class=\"wpcf7-list-item-label\">Coaching de Excelencia Personal y Profesional<\/span><\/label><\/span><span class=\"wpcf7-list-item\"><label><input type=\"checkbox\" name=\"checkbox-250[]\" value=\"Excel Completo\" \/><span class=\"wpcf7-list-item-label\">Excel Completo<\/span><\/label><\/span><span class=\"wpcf7-list-item\"><label><input type=\"checkbox\" name=\"checkbox-250[]\" value=\"Personalidad y Liderazgo Jovenes y Adolecentes\" \/><span class=\"wpcf7-list-item-label\">Personalidad y Liderazgo Jovenes y Adolecentes<\/span><\/label><\/span><span class=\"wpcf7-list-item last\"><label><input type=\"checkbox\" name=\"checkbox-250[]\" value=\"Relaciones Humanas Alta Motivaci\u00f3n y PNL\" \/><span class=\"wpcf7-list-item-label\">Relaciones Humanas Alta Motivaci\u00f3n y PNL<\/span><\/label><\/span><\/span><\/span>\n\t<\/font>\n<\/p>\n<p><br \/>\n<label>\n\t\t<font size=3 face=\"Comic Sans Ms, arial, verdana\">Mensaje (opcional)\n\t\t<\/font><br \/>\n<span class=\"wpcf7-form-control-wrap\" data-name=\"your-message\"><textarea cols=\"40\" rows=\"10\" maxlength=\"2000\" class=\"wpcf7-form-control wpcf7-textarea\" aria-invalid=\"false\" name=\"your-message\"><\/textarea><\/span> <\/label><br \/>\n<input class=\"wpcf7-form-control wpcf7-submit has-spinner\" type=\"submit\" value=\"Enviar\" \/>\n<\/p><div class=\"wpcf7-response-output\" aria-hidden=\"true\"><\/div>\n<\/form>\n<\/div>\n\n\n\n\n\n","protected":false},"excerpt":{"rendered":"","protected":false},"author":1,"featured_media":0,"parent":0,"menu_order":0,"comment_status":"closed","ping_status":"closed","template":"","meta":{"pagelayer_contact_templates":[],"_pagelayer_content":"","footnotes":""},"class_list":["post-533","page","type-page","status-publish","hentry"],"_links":{"self":[{"href":"https:\/\/www.cenecu.com\/web\/wp-json\/wp\/v2\/pages\/533","targetHints":{"allow":["GET"]}}],"collection":[{"href":"https:\/\/www.cenecu.com\/web\/wp-json\/wp\/v2\/pages"}],"about":[{"href":"https:\/\/www.cenecu.com\/web\/wp-json\/wp\/v2\/types\/page"}],"author":[{"embeddable":true,"href":"https:\/\/www.cenecu.com\/web\/wp-json\/wp\/v2\/users\/1"}],"replies":[{"embeddable":true,"href":"https:\/\/www.cenecu.com\/web\/wp-json\/wp\/v2\/comments?post=533"}],"version-history":[{"count":2,"href":"https:\/\/www.cenecu.com\/web\/wp-json\/wp\/v2\/pages\/533\/revisions"}],"predecessor-version":[{"id":537,"href":"https:\/\/www.cenecu.com\/web\/wp-json\/wp\/v2\/pages\/533\/revisions\/537"}],"wp:attachment":[{"href":"https:\/\/www.cenecu.com\/web\/wp-json\/wp\/v2\/media?parent=533"}],"curies":[{"name":"wp","href":"https:\/\/api.w.org\/{rel}","templated":true}]}}