{"id":470,"date":"2021-08-06T14:58:24","date_gmt":"2021-08-06T14:58:24","guid":{"rendered":"http:\/\/www.cenecu.com\/web\/?page_id=2"},"modified":"2025-10-25T04:38:19","modified_gmt":"2025-10-25T04:38:19","slug":"coaching-de-excelencia-personal-y-profesional","status":"publish","type":"page","link":"https:\/\/www.cenecu.com\/web\/coaching-de-excelencia-personal-y-profesional\/","title":{"rendered":"COACHING DE EXCELENCIA PERSONAL Y PROFESIONAL"},"content":{"rendered":"\n\n\n\n\n<p><br><\/p>\n\n\n\n\n\n\n\n\n\n<h2><span><span>COACHING DE EXCELENCIA<br>PERSONAL Y PROFESIONAL<\/span><\/span>\u00a0<\/h2>\n\n\n\n\n\n\n\n<p [object NamedNodeMap]><span style=\"color:#68B04D\"><span style=\"font-size:22px\"><span style=\"font-weight:bold\"><span style=\"font-family:open sans,sans-serif\">C\u00d3MO HACER DE LA MOTIVACI\u00d3N LA BASE DE LA SUPERACI\u00d3N\u00a0<\/span><\/span><\/span><\/span><span style=\"font-family: &quot;open sans&quot;, sans-serif; font-weight: bold; font-size: 22px; color: rgb(104, 176, 77); text-align: center; background-color: transparent;\">Y DESARROLLAR ACTITUDES POSITIVAS QUE NOS CONDUZCAN A LA EXCELENCIA<\/span><\/p>\n\n\n\n\n\n\n\n\n\n\n\n\n\n\n\n<p [object NamedNodeMap]><span style=\"font-family:open sans,sans-serif\">La b\u00fasqueda de la Excelencia Personal es una tarea d\u00edficil pero no imposible.\u00a0<\/span><span style=\"font-family: &quot;open sans&quot;, sans-serif; background-color: transparent;\">El desarrollo de actitudes positivas, de buenos h\u00e1bitos y de conducta laboral proactiva, garantizan que alcanzar la excelencia personal y profesional sea posible.\u00a0<\/span><span style=\"background-color: transparent; font-family: &quot;open sans&quot;, sans-serif; font-style: inherit; font-variant-ligatures: inherit; font-variant-caps: inherit; font-weight: inherit;\">En este programa el participante aprender\u00e1 c\u00f3mo desarrollar fortalezas que le conviertan en excelente persona y profesional.<\/span><\/p>\n\n\n\n\n\n\n\n<p><b>CONTENIDO<\/b><\/p>\n\n\n\n<p>\u2022 LA AUTOMOTIVACI\u00d3N&nbsp; Y SUS BENEFICIOS<\/p><br><p>\u2022 C\u00d3MO ERRADICAR MALOS H\u00c1BITOS<\/p><br><p>\u2022 C\u00d3MO DESARROLLAR ACTITUD DE SUPERACI\u00d3N<\/p><br><p>\u2022 EL DESARROLLO DEL POTENCIAL PARA ALCANZAR LA EXCELENCIA<\/p><br><p>\u2022 C\u00d3MO DESARROLLAR EL PODER DEL ENTUSIASMO<\/p><br><p>\u2022 LA DIN\u00c1MICA DE FIJAR Y ALCANZAR METAS<\/p><br><p>\u2022 EL DESARROLLO DE ACTITUDES Y H\u00c1BITOS DE EXCELENCIA<\/p><br><p>\u2022 ENTRENAMIENTO MENTAL PARA ALCANZAR LA EXCELENCIA<\/p><br><p>\u2022 C\u00d3MO TRANSFORMARSE EN PERSONA PROACTIVA<\/p><br><p>\u2022 EL DESARROLLO DE TALENTOS Y H\u00c1BITOS DE EXCELENCIA<\/p>\n\n\n\n\n\n\n\n\n\n\n\n<p><b>DETALLES<\/b><\/p>\n\n\n\n<p class=\"font_8\"><span style=\"font-family:open sans,sans-serif\"><span style=\"font-weight:bold\">Tipo de Evento:&nbsp;<\/span> &nbsp; &nbsp; &nbsp;Coaching Formativo<\/span><\/p><p class=\"font_8\"><span style=\"font-family:open sans,sans-serif\"><span style=\"font-weight:bold\">Metodolog\u00eda:&nbsp; &nbsp;<\/span> &nbsp; &nbsp; &nbsp; &nbsp;Sicodinamia<\/span><\/p><p class=\"font_8\"><span style=\"font-family:open sans,sans-serif\"><span style=\"font-weight:bold\">Dirigido a:&nbsp;<\/span> &nbsp; &nbsp; &nbsp; &nbsp; &nbsp; &nbsp; &nbsp; Empleados, funcionarios, emprendedores<\/span><\/p><p class=\"font_8\"><span style=\"font-family:open sans,sans-serif\"><span style=\"font-weight:bold\">Duraci\u00f3n:&nbsp; &nbsp; <\/span>&nbsp; &nbsp; &nbsp; &nbsp; &nbsp; &nbsp; 12 horas<\/span><\/p><p class=\"font_8\"><span style=\"font-family:open sans,sans-serif\"><span style=\"font-weight:bold\">No. Participantes:&nbsp;<\/span>&nbsp; M\u00e1ximo 35<\/span><\/p><p class=\"font_8\"><span style=\"font-family:open sans,sans-serif\"><span style=\"font-weight:bold\">Instructores:&nbsp;<\/span>&nbsp; &nbsp; &nbsp; &nbsp; &nbsp; &nbsp;Prof. Ricardo G\u00f3mez M. y Staff<\/span><\/p>\n\n\n\n\n\n\n\nM\u00c1S INFORMACI\u00d3N\n\n\n\n\n\n\n\n\n\n\n<div class=\"wpcf7 no-js\" id=\"wpcf7-f403-o1\" lang=\"es-ES\" dir=\"ltr\" data-wpcf7-id=\"403\">\n<div class=\"screen-reader-response\"><p role=\"status\" aria-live=\"polite\" aria-atomic=\"true\"><\/p> <ul><\/ul><\/div>\n<form action=\"\/web\/wp-json\/wp\/v2\/pages\/470#wpcf7-f403-o1\" method=\"post\" class=\"wpcf7-form init\" aria-label=\"Formulario de contacto\" novalidate=\"novalidate\" data-status=\"init\">\n<fieldset class=\"hidden-fields-container\"><input type=\"hidden\" name=\"_wpcf7\" value=\"403\" \/><input type=\"hidden\" name=\"_wpcf7_version\" value=\"6.1.5\" \/><input type=\"hidden\" name=\"_wpcf7_locale\" value=\"es_ES\" \/><input type=\"hidden\" name=\"_wpcf7_unit_tag\" value=\"wpcf7-f403-o1\" \/><input type=\"hidden\" name=\"_wpcf7_container_post\" value=\"0\" \/><input type=\"hidden\" name=\"_wpcf7_posted_data_hash\" value=\"\" \/>\n<\/fieldset>\n<p><b><label>\n\t\t\t<font size=3 face=\"arial, verdana\">Nombres\/Apellidos\n\t\t\t<\/font><br \/>\n<span class=\"wpcf7-form-control-wrap\" data-name=\"your-name\"><input size=\"40\" maxlength=\"400\" class=\"wpcf7-form-control wpcf7-text wpcf7-validates-as-required\" aria-required=\"true\" aria-invalid=\"false\" value=\"\" type=\"text\" name=\"your-name\" \/><\/span> <\/label><\/b>\n<\/p>\n<p><label><b>\n\t\t\t<font size=3 face=\"arial, verdana\">Celular\/whatsapp\n\t\t\t<\/font><br \/>\n<span class=\"wpcf7-form-control-wrap\" data-name=\"tel-270\"><input size=\"40\" maxlength=\"400\" class=\"wpcf7-form-control wpcf7-tel wpcf7-validates-as-required wpcf7-text wpcf7-validates-as-tel\" aria-required=\"true\" aria-invalid=\"false\" value=\"\" type=\"tel\" name=\"tel-270\" \/><\/span><\/b><\/label>\n<\/p>\n<p><label><b>\n\t\t\t<font size=3 face=\"arial, verdana\">Email\n\t\t\t<\/font><br \/>\n<span class=\"wpcf7-form-control-wrap\" data-name=\"your-email\"><input size=\"40\" maxlength=\"400\" class=\"wpcf7-form-control wpcf7-email wpcf7-validates-as-required wpcf7-text wpcf7-validates-as-email\" aria-required=\"true\" aria-invalid=\"false\" value=\"\" type=\"email\" name=\"your-email\" \/><\/span><\/b> <\/label>\n<\/p>\n<p><br \/>\n\t<font size=3 face=\"arial, verdana\"><b>Escoge el curso deseado<\/b>\n\t<\/font><br \/>\n\t<font size=3 face=\"arial, verdana\"><span class=\"wpcf7-form-control-wrap\" data-name=\"checkbox-250\"><span class=\"wpcf7-form-control wpcf7-checkbox wpcf7-validates-as-required\"><span class=\"wpcf7-list-item first\"><label><input type=\"checkbox\" name=\"checkbox-250[]\" value=\"La Excelencia en atenci\u00f3n al cliente\" \/><span class=\"wpcf7-list-item-label\">La Excelencia en atenci\u00f3n al cliente<\/span><\/label><\/span><span class=\"wpcf7-list-item\"><label><input type=\"checkbox\" name=\"checkbox-250[]\" value=\"Coaching de Excelencia Personal y Profesional\" \/><span class=\"wpcf7-list-item-label\">Coaching de Excelencia Personal y Profesional<\/span><\/label><\/span><span class=\"wpcf7-list-item\"><label><input type=\"checkbox\" name=\"checkbox-250[]\" value=\"Excel Completo\" \/><span class=\"wpcf7-list-item-label\">Excel Completo<\/span><\/label><\/span><span class=\"wpcf7-list-item\"><label><input type=\"checkbox\" name=\"checkbox-250[]\" value=\"Personalidad y Liderazgo Jovenes y Adolecentes\" \/><span class=\"wpcf7-list-item-label\">Personalidad y Liderazgo Jovenes y Adolecentes<\/span><\/label><\/span><span class=\"wpcf7-list-item last\"><label><input type=\"checkbox\" name=\"checkbox-250[]\" value=\"Relaciones Humanas Alta Motivaci\u00f3n y PNL\" \/><span class=\"wpcf7-list-item-label\">Relaciones Humanas Alta Motivaci\u00f3n y PNL<\/span><\/label><\/span><\/span><\/span>\n\t<\/font>\n<\/p>\n<p><br \/>\n<label>\n\t\t<font size=3 face=\"Comic Sans Ms, arial, verdana\">Mensaje (opcional)\n\t\t<\/font><br \/>\n<span class=\"wpcf7-form-control-wrap\" data-name=\"your-message\"><textarea cols=\"40\" rows=\"10\" maxlength=\"2000\" class=\"wpcf7-form-control wpcf7-textarea\" aria-invalid=\"false\" name=\"your-message\"><\/textarea><\/span> <\/label><br \/>\n<input class=\"wpcf7-form-control wpcf7-submit has-spinner\" type=\"submit\" value=\"Enviar\" \/>\n<\/p><div class=\"wpcf7-response-output\" aria-hidden=\"true\"><\/div>\n<\/form>\n<\/div>\n\n\n\n\n\n","protected":false},"excerpt":{"rendered":"","protected":false},"author":1,"featured_media":0,"parent":0,"menu_order":0,"comment_status":"closed","ping_status":"closed","template":"","meta":{"pagelayer_contact_templates":[],"_pagelayer_content":"","footnotes":""},"class_list":["post-470","page","type-page","status-publish","hentry"],"_links":{"self":[{"href":"https:\/\/www.cenecu.com\/web\/wp-json\/wp\/v2\/pages\/470","targetHints":{"allow":["GET"]}}],"collection":[{"href":"https:\/\/www.cenecu.com\/web\/wp-json\/wp\/v2\/pages"}],"about":[{"href":"https:\/\/www.cenecu.com\/web\/wp-json\/wp\/v2\/types\/page"}],"author":[{"embeddable":true,"href":"https:\/\/www.cenecu.com\/web\/wp-json\/wp\/v2\/users\/1"}],"replies":[{"embeddable":true,"href":"https:\/\/www.cenecu.com\/web\/wp-json\/wp\/v2\/comments?post=470"}],"version-history":[{"count":6,"href":"https:\/\/www.cenecu.com\/web\/wp-json\/wp\/v2\/pages\/470\/revisions"}],"predecessor-version":[{"id":2643,"href":"https:\/\/www.cenecu.com\/web\/wp-json\/wp\/v2\/pages\/470\/revisions\/2643"}],"wp:attachment":[{"href":"https:\/\/www.cenecu.com\/web\/wp-json\/wp\/v2\/media?parent=470"}],"curies":[{"name":"wp","href":"https:\/\/api.w.org\/{rel}","templated":true}]}}