{"id":211,"date":"2021-06-25T16:49:28","date_gmt":"2021-06-25T16:49:28","guid":{"rendered":"http:\/\/www.cenecu.com\/web\/?page_id=2"},"modified":"2025-10-14T22:31:50","modified_gmt":"2025-10-14T22:31:50","slug":"asistente-administrativo","status":"publish","type":"page","link":"https:\/\/www.cenecu.com\/web\/asistente-administrativo\/","title":{"rendered":"Asistente de Gesti\u00f3n Administrativa"},"content":{"rendered":"\n\n\n\n\n<p>Asistente de Gesti\u00f3n Administrativa<\/p>\n\n\n\n\n\n<p style=\"\\&quot;text-align:\" right\\\"=\"\"><span style=\"\\&quot;font-size:\" 20px\\\"=\"\"><strong style=\"\\&quot;line-height:\" 1\\\"=\"\">LOREM CORPORATE CEO<\/strong><\/span><\/p><p style=\"\\&quot;text-align:\" center\\\"=\"\"><span>Duis aute irure dolor in reprehenderit in voluptate velit esse cillum dolore eu fugiat nulla pariatur. Excepteur sint occaecat cupidatat non proident, sunt in culpa qui officia deserunt mollit anim id est laborum.<\/span><\/p><p style=\"\\&quot;text-align:\" left\\\"=\"\">&nbsp; &nbsp; &nbsp; <span style=\"\\&quot;line-height:\" 2.0\\\"=\"\">Benn Marshall<\/span><\/p>\n\n\n\n\n\n<p><strong><em>CONV\u00cdERTETE EN UN ASISTENTE ADMINISTRATIVO PRO<\/em><\/strong><br>Desarrollar\u00e1s las habilidades y competencias necesarias para insertarte con \u00e9xito en el mundo laboral, comprendiendo su funcionamiento y din\u00e1mica. Te proveemos de conocimientos clave para destacar en el entorno empresarial, asegurando un desempe\u00f1o s\u00f3lido y aprovechando al m\u00e1ximo las oportunidades disponibles.<br><br><strong>Aprender\u00e1s:<\/strong><br><strong>Fundamentos de administraci\u00f3n<\/strong><br><strong>Buenas pr\u00e1cticas empresariales<\/strong><br><strong>T\u00e9cnicas de gesti\u00f3n documental<\/strong><br><strong>Comunicaci\u00f3n empresarial<\/strong><br><strong>Contabilidad b\u00e1sica<\/strong><br><strong>Desarrollo personal para el entorno laboral<\/strong><br><strong>Ofim\u00e1tica<\/strong><br><\/p>\n\n\n\n\n\n\n\n\n\n<h2 class=\"wp-block-heading has-text-align-center\">M\u00e1s Informaci\u00f3n<\/h2>\n\n\n\n<h2 class=\"wp-block-heading has-text-align-center\">Llena este formulario y env\u00edanos un mensaje&nbsp;<\/h2>\n\n\n\n<div class=\"wp-block-columns is-layout-flex wp-container-core-columns-is-layout-9d6595d7 wp-block-columns-is-layout-flex\">\n<div class=\"wp-block-column is-layout-flow wp-block-column-is-layout-flow\" style=\"flex-basis:100%\">\n<div class=\"wp-block-columns is-layout-flex wp-container-core-columns-is-layout-9d6595d7 wp-block-columns-is-layout-flex\">\n<div class=\"wp-block-column is-layout-flow wp-block-column-is-layout-flow\"><\/div>\n\n\n\n<div class=\"wp-block-column is-layout-flow wp-block-column-is-layout-flow\">\n<div class=\"wpcf7 no-js\" id=\"wpcf7-f2611-o1\" lang=\"es-ES\" dir=\"ltr\" data-wpcf7-id=\"2611\">\n<div class=\"screen-reader-response\"><p role=\"status\" aria-live=\"polite\" aria-atomic=\"true\"><\/p> <ul><\/ul><\/div>\n<form action=\"\/web\/wp-json\/wp\/v2\/pages\/211#wpcf7-f2611-o1\" method=\"post\" class=\"wpcf7-form init\" aria-label=\"Formulario de contacto\" novalidate=\"novalidate\" data-status=\"init\">\n<fieldset class=\"hidden-fields-container\"><input type=\"hidden\" name=\"_wpcf7\" value=\"2611\" \/><input type=\"hidden\" name=\"_wpcf7_version\" value=\"6.1.5\" \/><input type=\"hidden\" name=\"_wpcf7_locale\" value=\"es_ES\" \/><input type=\"hidden\" name=\"_wpcf7_unit_tag\" value=\"wpcf7-f2611-o1\" \/><input type=\"hidden\" name=\"_wpcf7_container_post\" value=\"0\" \/><input type=\"hidden\" name=\"_wpcf7_posted_data_hash\" value=\"\" \/>\n<\/fieldset>\n<p><label>\n\t\t<font size=3 face=\"Comic Sans Ms, arial, verdana\">Nombres\/Apellidos\n\t\t<\/font><br \/>\n<span class=\"wpcf7-form-control-wrap\" data-name=\"your-name\"><input size=\"40\" maxlength=\"400\" class=\"wpcf7-form-control wpcf7-text wpcf7-validates-as-required\" aria-required=\"true\" aria-invalid=\"false\" value=\"\" type=\"text\" name=\"your-name\" \/><\/span> <\/label>\n<\/p>\n<p><label>\n\t\t<font size=3 face=\"Comic Sans Ms, arial, verdana\">Celular\/whatsapp\n\t\t<\/font><br \/>\n<span class=\"wpcf7-form-control-wrap\" data-name=\"tel-270\"><input size=\"40\" maxlength=\"400\" class=\"wpcf7-form-control wpcf7-tel wpcf7-validates-as-required wpcf7-text wpcf7-validates-as-tel\" aria-required=\"true\" aria-invalid=\"false\" value=\"\" type=\"tel\" name=\"tel-270\" \/><\/span><\/label>\n<\/p>\n<p><label>\n\t\t<font size=3 face=\"Comic Sans Ms, arial, verdana\">Email\n\t\t<\/font><br \/>\n<span class=\"wpcf7-form-control-wrap\" data-name=\"your-email\"><input size=\"40\" maxlength=\"400\" class=\"wpcf7-form-control wpcf7-email wpcf7-validates-as-required wpcf7-text wpcf7-validates-as-email\" aria-required=\"true\" aria-invalid=\"false\" value=\"\" type=\"email\" name=\"your-email\" \/><\/span> <\/label>\n<\/p>\n<font size=3 face=\"Comic Sans Ms, arial, verdana\">Escoge el curso deseado\n<\/font>\n<p><span class=\"wpcf7-form-control-wrap\" data-name=\"checkbox-430\"><span class=\"wpcf7-form-control wpcf7-checkbox wpcf7-validates-as-required\"><span class=\"wpcf7-list-item first last\"><label><input type=\"checkbox\" name=\"checkbox-430[]\" value=\"Asistente de Gesti\u00f3n Administrativa\" \/><span class=\"wpcf7-list-item-label\">Asistente de Gesti\u00f3n Administrativa<\/span><\/label><\/span><\/span><\/span>\n<\/p>\n<p><label>\n\t\t<font size=3 face=\"Comic Sans Ms, arial, verdana\">Mensaje (opcional)\n\t\t<\/font><br \/>\n<span class=\"wpcf7-form-control-wrap\" data-name=\"your-message\"><textarea cols=\"40\" rows=\"10\" maxlength=\"2000\" class=\"wpcf7-form-control wpcf7-textarea\" aria-invalid=\"false\" name=\"your-message\"><\/textarea><\/span> <\/label>\n<\/p>\n<p><input class=\"wpcf7-form-control wpcf7-submit has-spinner\" type=\"submit\" value=\"Enviar\" \/>\n<\/p><div class=\"wpcf7-response-output\" aria-hidden=\"true\"><\/div>\n<\/form>\n<\/div>\n\n<\/div>\n\n\n\n<div class=\"wp-block-column is-layout-flow wp-block-column-is-layout-flow\"><\/div>\n<\/div>\n<\/div>\n<\/div>\n\n\n\n<p><\/p>\n","protected":false},"excerpt":{"rendered":"<p>M\u00e1s Informaci\u00f3n Llena este formulario y env\u00edanos un mensaje&nbsp;<\/p>\n","protected":false},"author":1,"featured_media":0,"parent":0,"menu_order":0,"comment_status":"closed","ping_status":"closed","template":"","meta":{"pagelayer_contact_templates":[],"_pagelayer_content":"","footnotes":""},"class_list":["post-211","page","type-page","status-publish","hentry"],"_links":{"self":[{"href":"https:\/\/www.cenecu.com\/web\/wp-json\/wp\/v2\/pages\/211","targetHints":{"allow":["GET"]}}],"collection":[{"href":"https:\/\/www.cenecu.com\/web\/wp-json\/wp\/v2\/pages"}],"about":[{"href":"https:\/\/www.cenecu.com\/web\/wp-json\/wp\/v2\/types\/page"}],"author":[{"embeddable":true,"href":"https:\/\/www.cenecu.com\/web\/wp-json\/wp\/v2\/users\/1"}],"replies":[{"embeddable":true,"href":"https:\/\/www.cenecu.com\/web\/wp-json\/wp\/v2\/comments?post=211"}],"version-history":[{"count":18,"href":"https:\/\/www.cenecu.com\/web\/wp-json\/wp\/v2\/pages\/211\/revisions"}],"predecessor-version":[{"id":2634,"href":"https:\/\/www.cenecu.com\/web\/wp-json\/wp\/v2\/pages\/211\/revisions\/2634"}],"wp:attachment":[{"href":"https:\/\/www.cenecu.com\/web\/wp-json\/wp\/v2\/media?parent=211"}],"curies":[{"name":"wp","href":"https:\/\/api.w.org\/{rel}","templated":true}]}}