{"id":202,"date":"2021-06-25T16:32:28","date_gmt":"2021-06-25T16:32:28","guid":{"rendered":"http:\/\/www.cenecu.com\/web\/?page_id=2"},"modified":"2025-10-25T03:20:39","modified_gmt":"2025-10-25T03:20:39","slug":"contabilidad-tributaria","status":"publish","type":"page","link":"https:\/\/www.cenecu.com\/web\/contabilidad-tributaria\/","title":{"rendered":"Asistente de Contable"},"content":{"rendered":"\n\n\n\n\n<p><br><\/p>\n\n\n\n\n\n\n\n\n\n<p>ASISTENTE  cONTABLE TRIBUTARIO<\/p>\n\n\n\n\n\n\n\n<p style=\"text-align: right; \"><span style=\"font-size: 20px; color: rgb(255, 255, 255);\"><strong style=\"line-height: 1;\">LOREM CORPORATE CEO<\/strong><\/span><\/p><p style=\"text-align: center;\"><span style=\"color: rgb(255, 255, 255);\">Duis aute irure dolor in reprehenderit in voluptate velit esse cillum dolore eu fugiat nulla pariatur. Excepteur sint occaecat cupidatat non proident, sunt in culpa qui officia deserunt mollit anim id est laborum.<\/span><\/p><p style=\"text-align: left;\"><sign>&nbsp; &nbsp; &nbsp; <span style=\"line-height: 2.0;\">Benn Marshall<\/span><\/sign><\/p>\n\n\n\n\n\n<p class=\"font_8\" style=\"border: 0px; outline: 0px; vertical-align: baseline; background: transparent; pointer-events: auto; font-size: 14px; line-height: normal; color: rgb(0, 0, 0); letter-spacing: normal; text-decoration-style: initial;\"><span style=\"border: 0px; outline: 0px; vertical-align: baseline; background: transparent; font-size: 14px;\">Aprender\u00e1s todo el proceso para la elaboraci\u00f3n de los balances financieros como estado de situaci\u00f3n inicial, estado de situaci\u00f3n financiera y el estado de resultado integral bajo las normas NIIF que toda empresa o negocio requiere para reconocer su situaci\u00f3n financiera.<\/span><\/p><p class=\"font_8\" style=\"border: 0px; outline: 0px; vertical-align: baseline; background: transparent; pointer-events: auto; font-size: 14px; line-height: normal; color: rgb(0, 0, 0); letter-spacing: normal; text-decoration-style: initial;\"><span style=\"border: 0px; outline: 0px; vertical-align: baseline; background: transparent; font-size: 14px;\">\u200b<\/span><\/p><p class=\"font_8\" style=\"border: 0px; outline: 0px; vertical-align: baseline; background: transparent; pointer-events: auto; font-size: 14px; line-height: normal; color: rgb(0, 0, 0); letter-spacing: normal; text-decoration-style: initial;\"><span style=\"border: 0px; outline: 0px; vertical-align: baseline; background: transparent; font-size: 14px;\">\u2022 Llenar correctamente documentos mercantiles<\/span><\/p><p class=\"font_8\" style=\"border: 0px; outline: 0px; vertical-align: baseline; background: transparent; pointer-events: auto; font-size: 14px; line-height: normal; color: rgb(0, 0, 0); letter-spacing: normal; text-decoration-style: initial;\"><span style=\"border: 0px; outline: 0px; vertical-align: baseline; background: transparent; font-size: 14px;\">\u2022 Libro Banco y conciliaci\u00f3n bancaria<\/span><\/p><p class=\"font_8\" style=\"border: 0px; outline: 0px; vertical-align: baseline; background: transparent; pointer-events: auto; font-size: 14px; line-height: normal; color: rgb(0, 0, 0); letter-spacing: normal; text-decoration-style: initial;\"><span style=\"border: 0px; outline: 0px; vertical-align: baseline; background: transparent; font-size: 14px;\">\u2022 Elaboraci\u00f3n de N\u00f3mina, beneficios Sociales, impuesto a la renta,<\/span><\/p><p class=\"font_8\" style=\"border: 0px; outline: 0px; vertical-align: baseline; background: transparent; pointer-events: auto; font-size: 14px; line-height: normal; color: rgb(0, 0, 0); letter-spacing: normal; text-decoration-style: initial;\"><span style=\"border: 0px; outline: 0px; vertical-align: baseline; background: transparent; font-size: 14px;\">\u2022 Liquidaci\u00f3n de haberes<\/span><\/p><p class=\"font_8\" style=\"border: 0px; outline: 0px; vertical-align: baseline; background: transparent; pointer-events: auto; font-size: 14px; line-height: normal; color: rgb(0, 0, 0); letter-spacing: normal; text-decoration-style: initial;\"><span style=\"border: 0px; outline: 0px; vertical-align: baseline; background: transparent; font-size: 14px;\">\u2022 Manejo de Programa Contable<\/span><\/p><p class=\"font_8\" style=\"border: 0px; outline: 0px; vertical-align: baseline; background: transparent; pointer-events: auto; font-size: 14px; line-height: normal; color: rgb(0, 0, 0); letter-spacing: normal; text-decoration-style: initial;\"><span style=\"border: 0px; outline: 0px; vertical-align: baseline; background: transparent; font-size: 14px;\">\u200b<\/span><\/p><p class=\"font_8\" style=\"border: 0px; outline: 0px; vertical-align: baseline; background: transparent; pointer-events: auto; font-size: 14px; line-height: normal; color: rgb(0, 0, 0); letter-spacing: normal; text-decoration-style: initial;\"><span style=\"border: 0px; outline: 0px; vertical-align: baseline; background: transparent; font-size: 14px;\">As\u00ed como tambi\u00e9n,&nbsp;&nbsp;c\u00f3mo declarar correctamente el IVA, Impuesto a la Renta de empresas y de personas naturales, Anexos transaccionales y manejo de DIMM.<\/span><span style=\"border: 0px; outline: 0px; vertical-align: baseline; background: transparent; font-size: 14px;\">Estar\u00e1s en capacidad de: Emprender en este campo, laborar en todo tipo de empresas o para tu uso personal.<\/span><\/p><p class=\"font_8\" style=\"border: 0px; outline: 0px; vertical-align: baseline; background: transparent; pointer-events: auto; font-size: 14px; line-height: normal; color: rgb(0, 0, 0); letter-spacing: normal; text-decoration-style: initial;\">&nbsp;<\/p><p class=\"font_8\" style=\"border: 0px; outline: 0px; vertical-align: baseline; background: transparent; pointer-events: auto; font-size: 14px; line-height: normal; color: rgb(0, 0, 0); letter-spacing: normal; text-decoration-style: initial;\"><span style=\"border: 0px; outline: 0px; vertical-align: baseline; background: transparent; font-size: 14px;\">En este curso te ayudara a mejorar como profesional, ampliar tu campo laborar y potencializar tu marca personal<\/span><\/p>\n\n\n\n\n\n\n\n\n\n\n\n<h2>M\u00e1s Informaci\u00f3n<\/h2>\n\n\n\n\n\n<h2>Llena este formulario y env\u00edanos un mensaje\u00a0<\/h2>\n\n\n\n\n\n\n\n\n\n\n<div class=\"wpcf7 no-js\" id=\"wpcf7-f2629-o1\" lang=\"es-ES\" dir=\"ltr\" data-wpcf7-id=\"2629\">\n<div class=\"screen-reader-response\"><p role=\"status\" aria-live=\"polite\" aria-atomic=\"true\"><\/p> <ul><\/ul><\/div>\n<form action=\"\/web\/wp-json\/wp\/v2\/pages\/202#wpcf7-f2629-o1\" method=\"post\" class=\"wpcf7-form init\" aria-label=\"Formulario de contacto\" novalidate=\"novalidate\" data-status=\"init\">\n<fieldset class=\"hidden-fields-container\"><input type=\"hidden\" name=\"_wpcf7\" value=\"2629\" \/><input type=\"hidden\" name=\"_wpcf7_version\" value=\"6.1.5\" \/><input type=\"hidden\" name=\"_wpcf7_locale\" value=\"es_ES\" \/><input type=\"hidden\" name=\"_wpcf7_unit_tag\" value=\"wpcf7-f2629-o1\" \/><input type=\"hidden\" name=\"_wpcf7_container_post\" value=\"0\" \/><input type=\"hidden\" name=\"_wpcf7_posted_data_hash\" value=\"\" \/>\n<\/fieldset>\n<p><label>\n\t\t<font size=3 face=\"Comic Sans Ms, arial, verdana\">Nombres\/Apellidos\n\t\t<\/font><br \/>\n<span class=\"wpcf7-form-control-wrap\" data-name=\"your-name\"><input size=\"40\" maxlength=\"400\" class=\"wpcf7-form-control wpcf7-text wpcf7-validates-as-required\" aria-required=\"true\" aria-invalid=\"false\" value=\"\" type=\"text\" name=\"your-name\" \/><\/span> <\/label>\n<\/p>\n<p><label>\n\t\t<font size=3 face=\"Comic Sans Ms, arial, verdana\">Celular\/whatsapp\n\t\t<\/font><br \/>\n<span class=\"wpcf7-form-control-wrap\" data-name=\"tel-270\"><input size=\"40\" maxlength=\"400\" class=\"wpcf7-form-control wpcf7-tel wpcf7-validates-as-required wpcf7-text wpcf7-validates-as-tel\" aria-required=\"true\" aria-invalid=\"false\" value=\"\" type=\"tel\" name=\"tel-270\" \/><\/span><\/label>\n<\/p>\n<p><label>\n\t\t<font size=3 face=\"Comic Sans Ms, arial, verdana\">Email\n\t\t<\/font><br \/>\n<span class=\"wpcf7-form-control-wrap\" data-name=\"your-email\"><input size=\"40\" maxlength=\"400\" class=\"wpcf7-form-control wpcf7-email wpcf7-validates-as-required wpcf7-text wpcf7-validates-as-email\" aria-required=\"true\" aria-invalid=\"false\" value=\"\" type=\"email\" name=\"your-email\" \/><\/span> <\/label>\n<\/p>\n<font size=3 face=\"Comic Sans Ms, arial, verdana\">Escoge el curso deseado\n<\/font>\n<p><span class=\"wpcf7-form-control-wrap\" data-name=\"checkbox-430\"><span class=\"wpcf7-form-control wpcf7-checkbox wpcf7-validates-as-required\"><span class=\"wpcf7-list-item first last\"><label><input type=\"checkbox\" name=\"checkbox-430[]\" value=\"Asistente Contable Tributario\" \/><span class=\"wpcf7-list-item-label\">Asistente Contable Tributario<\/span><\/label><\/span><\/span><\/span>\n<\/p>\n<p><label>\n\t\t<font size=3 face=\"Comic Sans Ms, arial, verdana\">Mensaje (opcional)\n\t\t<\/font><br \/>\n<span class=\"wpcf7-form-control-wrap\" data-name=\"your-message\"><textarea cols=\"40\" rows=\"10\" maxlength=\"2000\" class=\"wpcf7-form-control wpcf7-textarea\" aria-invalid=\"false\" name=\"your-message\"><\/textarea><\/span> <\/label>\n<\/p>\n<p><input class=\"wpcf7-form-control wpcf7-submit has-spinner\" type=\"submit\" value=\"Enviar\" \/>\n<\/p><div class=\"wpcf7-response-output\" aria-hidden=\"true\"><\/div>\n<\/form>\n<\/div>\n\n\n\n\n\n\n\n\n\n","protected":false},"excerpt":{"rendered":"","protected":false},"author":1,"featured_media":0,"parent":0,"menu_order":0,"comment_status":"closed","ping_status":"closed","template":"","meta":{"pagelayer_contact_templates":[],"_pagelayer_content":"","footnotes":""},"class_list":["post-202","page","type-page","status-publish","hentry"],"_links":{"self":[{"href":"https:\/\/www.cenecu.com\/web\/wp-json\/wp\/v2\/pages\/202","targetHints":{"allow":["GET"]}}],"collection":[{"href":"https:\/\/www.cenecu.com\/web\/wp-json\/wp\/v2\/pages"}],"about":[{"href":"https:\/\/www.cenecu.com\/web\/wp-json\/wp\/v2\/types\/page"}],"author":[{"embeddable":true,"href":"https:\/\/www.cenecu.com\/web\/wp-json\/wp\/v2\/users\/1"}],"replies":[{"embeddable":true,"href":"https:\/\/www.cenecu.com\/web\/wp-json\/wp\/v2\/comments?post=202"}],"version-history":[{"count":15,"href":"https:\/\/www.cenecu.com\/web\/wp-json\/wp\/v2\/pages\/202\/revisions"}],"predecessor-version":[{"id":2630,"href":"https:\/\/www.cenecu.com\/web\/wp-json\/wp\/v2\/pages\/202\/revisions\/2630"}],"wp:attachment":[{"href":"https:\/\/www.cenecu.com\/web\/wp-json\/wp\/v2\/media?parent=202"}],"curies":[{"name":"wp","href":"https:\/\/api.w.org\/{rel}","templated":true}]}}