{"id":172,"date":"2021-06-25T18:49:01","date_gmt":"2021-06-25T18:49:01","guid":{"rendered":"http:\/\/www.cenecu.com\/web\/?page_id=2"},"modified":"2021-10-01T17:24:43","modified_gmt":"2021-10-01T17:24:43","slug":"control-de-inventario-en-departamento-almacen-o-bodega-2","status":"publish","type":"page","link":"https:\/\/www.cenecu.com\/web\/control-de-inventario-en-departamento-almacen-o-bodega-2\/","title":{"rendered":"CONTROL DE INVENTARIO (en Departamento &#8211; Almac\u00e9n o Bodega)"},"content":{"rendered":"\n\n\n\n<p><br><\/p>\n\n\n\n\n\n\n<p>CONTROL DE INVENTARIO(en Departamento &#8211; Almac\u00e9n o Bodega)<\/p>\n\n\n\n\n<p style=\"text-align: right; \"><span style=\"font-size: 20px; color: rgb(255, 255, 255);\"><strong style=\"line-height: 1;\">LOREM CORPORATE CEO<\/strong><\/span><\/p><p style=\"text-align: center;\"><span style=\"color: rgb(255, 255, 255);\">Duis aute irure dolor in reprehenderit in voluptate velit esse cillum dolore eu fugiat nulla pariatur. Excepteur sint occaecat cupidatat non proident, sunt in culpa qui officia deserunt mollit anim id est laborum.<\/span><\/p><p style=\"text-align: left;\"><sign>&nbsp; &nbsp; &nbsp; <span style=\"line-height: 2.0;\">Benn Marshall<\/span><\/sign><\/p>\n\n\n\nObjetivo: Conocer e implementar t\u00e9cnicas modernas para la toma f\u00edsica del inventario. &#8211; Elaborar programas de pedidos a la funci\u00f3n de compras a trav\u00e9s del c\u00e1lculo del stock m\u00ednimo y m\u00e1ximo y del lote econ\u00f3mico de compra.<div>\u200bDirigido a:\n\nGerentes de \u00c1rea\n\nSupervisores y Jefes de Bodegas y Almacenes\n\nSupervisores y Jefes de \u00e1reas de Producci\u00f3n y Distribuci\u00f3n\n\nL\u00edderes de Operaciones<\/div>\n\n\n\n\n\n\n\n<h2>M\u00e1s Informaci\u00f3n<\/h2>\n\n\n\n\n<h2>Llena este formulario y env\u00edanos un mensaje&nbsp;<\/h2>\n\n<div class=\"wpcf7 no-js\" id=\"wpcf7-f320-o1\" lang=\"es-ES\" dir=\"ltr\" data-wpcf7-id=\"320\">\n<div class=\"screen-reader-response\"><p role=\"status\" aria-live=\"polite\" aria-atomic=\"true\"><\/p> <ul><\/ul><\/div>\n<form action=\"\/web\/wp-json\/wp\/v2\/pages\/172#wpcf7-f320-o1\" method=\"post\" class=\"wpcf7-form init\" aria-label=\"Formulario de contacto\" novalidate=\"novalidate\" data-status=\"init\">\n<fieldset class=\"hidden-fields-container\"><input type=\"hidden\" name=\"_wpcf7\" value=\"320\" \/><input type=\"hidden\" name=\"_wpcf7_version\" value=\"6.1.5\" \/><input type=\"hidden\" name=\"_wpcf7_locale\" value=\"es_ES\" \/><input type=\"hidden\" name=\"_wpcf7_unit_tag\" value=\"wpcf7-f320-o1\" \/><input type=\"hidden\" name=\"_wpcf7_container_post\" value=\"0\" \/><input type=\"hidden\" name=\"_wpcf7_posted_data_hash\" value=\"\" \/>\n<\/fieldset>\n<p><label>\n\t\t<font size=3 face=\"Comic Sans Ms, arial, verdana\">Nombres\/Apellidos\n\t\t<\/font><br \/>\n<span class=\"wpcf7-form-control-wrap\" data-name=\"your-name\"><input size=\"40\" maxlength=\"400\" class=\"wpcf7-form-control wpcf7-text wpcf7-validates-as-required\" aria-required=\"true\" aria-invalid=\"false\" value=\"\" type=\"text\" name=\"your-name\" \/><\/span> <\/label>\n<\/p>\n<p><label>\n\t\t<font size=3 face=\"Comic Sans Ms, arial, verdana\">Celular\/whatsapp\n\t\t<\/font><br \/>\n<span class=\"wpcf7-form-control-wrap\" data-name=\"tel-270\"><input size=\"40\" maxlength=\"400\" class=\"wpcf7-form-control wpcf7-tel wpcf7-validates-as-required wpcf7-text wpcf7-validates-as-tel\" aria-required=\"true\" aria-invalid=\"false\" value=\"\" type=\"tel\" name=\"tel-270\" \/><\/span><\/label>\n<\/p>\n<p><label>\n\t\t<font size=3 face=\"Comic Sans Ms, arial, verdana\">Email\n\t\t<\/font><br \/>\n<span class=\"wpcf7-form-control-wrap\" data-name=\"your-email\"><input size=\"40\" maxlength=\"400\" class=\"wpcf7-form-control wpcf7-email wpcf7-validates-as-required wpcf7-text wpcf7-validates-as-email\" aria-required=\"true\" aria-invalid=\"false\" value=\"\" type=\"email\" name=\"your-email\" \/><\/span> <\/label>\n<\/p>\n<font size=3 face=\"Comic Sans Ms, arial, verdana\">\u00bfDonde deseas estudiar?\n<\/font>\n<p><span class=\"wpcf7-form-control-wrap\" data-name=\"menu-93\"><select class=\"wpcf7-form-control wpcf7-select wpcf7-validates-as-required\" aria-required=\"true\" aria-invalid=\"false\" name=\"menu-93\"><option value=\"\">&#8212;Por favor, elige una opci\u00f3n&#8212;<\/option><option value=\"Alborada\">Alborada<\/option><option value=\"Centro\">Centro<\/option><\/select><\/span>\n<\/p>\n<font size=3 face=\"Comic Sans Ms, arial, verdana\">Escoge el curso deseado\n<\/font>\n<p><span class=\"wpcf7-form-control-wrap\" data-name=\"checkbox-430\"><span class=\"wpcf7-form-control wpcf7-checkbox wpcf7-validates-as-required\"><span class=\"wpcf7-list-item first\"><label><input type=\"checkbox\" name=\"checkbox-430[]\" value=\"Asistente Administrativo\" \/><span class=\"wpcf7-list-item-label\">Asistente Administrativo<\/span><\/label><\/span><span class=\"wpcf7-list-item\"><label><input type=\"checkbox\" name=\"checkbox-430[]\" value=\"Asistente Contable tributario\" \/><span class=\"wpcf7-list-item-label\">Asistente Contable tributario<\/span><\/label><\/span><span class=\"wpcf7-list-item\"><label><input type=\"checkbox\" name=\"checkbox-430[]\" value=\"Asistente de comercio Exterior\" \/><span class=\"wpcf7-list-item-label\">Asistente de comercio Exterior<\/span><\/label><\/span><span class=\"wpcf7-list-item\"><label><input type=\"checkbox\" name=\"checkbox-430[]\" value=\"Administraci\u00f3n tributaria\" \/><span class=\"wpcf7-list-item-label\">Administraci\u00f3n tributaria<\/span><\/label><\/span><span class=\"wpcf7-list-item\"><label><input type=\"checkbox\" name=\"checkbox-430[]\" value=\"Asistente de Recursos Humanos\" \/><span class=\"wpcf7-list-item-label\">Asistente de Recursos Humanos<\/span><\/label><\/span><span class=\"wpcf7-list-item\"><label><input type=\"checkbox\" name=\"checkbox-430[]\" value=\"Actualizaci\u00f3n Laboral\" \/><span class=\"wpcf7-list-item-label\">Actualizaci\u00f3n Laboral<\/span><\/label><\/span><span class=\"wpcf7-list-item\"><label><input type=\"checkbox\" name=\"checkbox-430[]\" value=\"Redacci\u00f3n Comercial\" \/><span class=\"wpcf7-list-item-label\">Redacci\u00f3n Comercial<\/span><\/label><\/span><span class=\"wpcf7-list-item last\"><label><input type=\"checkbox\" name=\"checkbox-430[]\" value=\"Control de Inventario\" \/><span class=\"wpcf7-list-item-label\">Control de Inventario<\/span><\/label><\/span><\/span><\/span>\n<\/p>\n<p><label>\n\t\t<font size=3 face=\"Comic Sans Ms, arial, verdana\">Mensaje (opcional)\n\t\t<\/font><br \/>\n<span class=\"wpcf7-form-control-wrap\" data-name=\"your-message\"><textarea cols=\"40\" rows=\"10\" maxlength=\"2000\" class=\"wpcf7-form-control wpcf7-textarea\" aria-invalid=\"false\" name=\"your-message\"><\/textarea><\/span> <\/label>\n<\/p>\n<p><input class=\"wpcf7-form-control wpcf7-submit has-spinner\" type=\"submit\" value=\"Enviar\" \/>\n<\/p><div class=\"wpcf7-response-output\" aria-hidden=\"true\"><\/div>\n<\/form>\n<\/div>\n\n\n\n\n\n\n\n","protected":false},"excerpt":{"rendered":"","protected":false},"author":1,"featured_media":0,"parent":0,"menu_order":0,"comment_status":"closed","ping_status":"closed","template":"","meta":{"pagelayer_contact_templates":[],"_pagelayer_content":"","footnotes":""},"class_list":["post-172","page","type-page","status-publish","hentry"],"_links":{"self":[{"href":"https:\/\/www.cenecu.com\/web\/wp-json\/wp\/v2\/pages\/172","targetHints":{"allow":["GET"]}}],"collection":[{"href":"https:\/\/www.cenecu.com\/web\/wp-json\/wp\/v2\/pages"}],"about":[{"href":"https:\/\/www.cenecu.com\/web\/wp-json\/wp\/v2\/types\/page"}],"author":[{"embeddable":true,"href":"https:\/\/www.cenecu.com\/web\/wp-json\/wp\/v2\/users\/1"}],"replies":[{"embeddable":true,"href":"https:\/\/www.cenecu.com\/web\/wp-json\/wp\/v2\/comments?post=172"}],"version-history":[{"count":9,"href":"https:\/\/www.cenecu.com\/web\/wp-json\/wp\/v2\/pages\/172\/revisions"}],"predecessor-version":[{"id":804,"href":"https:\/\/www.cenecu.com\/web\/wp-json\/wp\/v2\/pages\/172\/revisions\/804"}],"wp:attachment":[{"href":"https:\/\/www.cenecu.com\/web\/wp-json\/wp\/v2\/media?parent=172"}],"curies":[{"name":"wp","href":"https:\/\/api.w.org\/{rel}","templated":true}]}}