{"id":127,"date":"2021-06-28T15:18:58","date_gmt":"2021-06-28T15:18:58","guid":{"rendered":"http:\/\/www.cenecu.com\/web\/?page_id=2"},"modified":"2025-10-16T20:47:32","modified_gmt":"2025-10-16T20:47:32","slug":"ingles-total","status":"publish","type":"page","link":"https:\/\/www.cenecu.com\/web\/ingles-total\/","title":{"rendered":"Ingl\u00e9s Total"},"content":{"rendered":"\n\n\n\n\n<p><br><\/p>\n\n\n\n\n\n\n\n\n\n<p>INGL\u00c9S TOTAL<\/p>\n\n\n\n\n\n\n\n<p style=\"text-align: right; \"><span style=\"font-size: 20px; color: rgb(255, 255, 255);\"><strong style=\"line-height: 1;\">LOREM CORPORATE CEO<\/strong><\/span><\/p><p style=\"text-align: center;\"><span style=\"color: rgb(255, 255, 255);\">Duis aute irure dolor in reprehenderit in voluptate velit esse cillum dolore eu fugiat nulla pariatur. Excepteur sint occaecat cupidatat non proident, sunt in culpa qui officia deserunt mollit anim id est laborum.<\/span><\/p><p style=\"text-align: left;\"><sign>&nbsp; &nbsp; &nbsp; <span style=\"line-height: 2.0;\">Benn Marshall<\/span><\/sign><\/p>\n\n\n\n\n\n<p class=\"font_8\" style=\"border: 0px; outline: 0px; vertical-align: baseline; background: transparent; pointer-events: auto; font-size: 15px; line-height: 1.1em; color: rgb(0, 0, 0); letter-spacing: normal; text-decoration-style: initial; text-align: justify;\"><span style=\"border: 0px; outline: 0px; vertical-align: baseline; background: transparent; font-size: 15px;\">Lograr en el estudiante el aprendizaje integral del ingl\u00e9s como segunda lengua, para que se comunique en forma fluida y efectiva en la vida diaria.<\/span><\/p><p class=\"font_8\" style=\"border: 0px; outline: 0px; vertical-align: baseline; background: transparent; pointer-events: auto; font-size: 15px; line-height: 1.1em; color: rgb(0, 0, 0); letter-spacing: normal; text-decoration-style: initial; text-align: justify;\"><span style=\"border: 0px; outline: 0px; vertical-align: baseline; background: transparent; font-size: 15px;\">\u200b<\/span><\/p><p class=\"font_8\" style=\"border: 0px; outline: 0px; vertical-align: baseline; background: transparent; pointer-events: auto; font-size: 15px; line-height: 1.1em; color: rgb(0, 0, 0); letter-spacing: normal; text-decoration-style: initial; text-align: justify;\"><span style=\"border: 0px; outline: 0px; vertical-align: baseline; background: transparent; font-size: 15px;\">Nuestro m\u00e9todo es vivencial y din\u00e1mico, por ello las clases se desarrollan con: Di\u00e1logos interactivos, recursos audiovisual, din\u00e1micas grupales, ejercicios (orales y escrito).<\/span><\/p><p class=\"font_8\" style=\"border: 0px; outline: 0px; vertical-align: baseline; background: transparent; pointer-events: auto; font-size: 15px; line-height: 1.1em; color: rgb(0, 0, 0); letter-spacing: normal; text-decoration-style: initial; text-align: justify;\"><span style=\"border: 0px; outline: 0px; vertical-align: baseline; background: transparent; font-size: 15px;\">\u200b<\/span><\/p><p class=\"font_8\" style=\"border: 0px; outline: 0px; vertical-align: baseline; background: transparent; pointer-events: auto; font-size: 15px; line-height: 1.1em; color: rgb(0, 0, 0); letter-spacing: normal; text-decoration-style: initial; text-align: justify;\"><span style=\"border: 0px; outline: 0px; vertical-align: baseline; background: transparent; font-size: 14px;\">M\u00e9todo ROUND TABLE para desarrollar en forma eficiente las cuatro destrezas del idioma leer, escribir, hablar y comprender el idioma.<\/span><\/p>\n\n\n\n<h1 style=\"font-size:14px\"><span style=\"font-size:14px\"><span style=\"color: rgb(255, 153, 0);\"><span style=\"color: rgb(255, 153, 0);\"><strong><em>LEVELS (Niveles)<\/em><\/strong><\/span><\/span><\/span><\/h1><ul style=\"color:rgb(222, 67, 0); font-family:open sans,sans-serif; font-size:14px; font-weight:bold\" class=\"font_2\"><li><h2 style=\"font-size:14px\" class=\"font_2\"><span style=\"font-size:14px\">Elementary (A1)<\/span><\/h2><\/li><li><h2 style=\"font-size:14px\" class=\"font_2\"><span style=\"font-size:14px\">Pre &#8211; Intermediate (A2-B1)<\/span><\/h2><\/li><li><h2 style=\"font-size:14px\" class=\"font_2\"><span style=\"font-size:14px\">Intermediate (B1-B2)<\/span><\/h2><\/li><li><h2 style=\"font-size:14px\" class=\"font_2\"><span style=\"font-size:14px\">Upper Intermediate(B2)<\/span><\/h2><\/li><li><h2 style=\"font-size:14px\" class=\"font_2\"><span style=\"font-size:14px\">Advanced&nbsp;(C1<\/span><span style=\"font-size:14px\">)<\/span><\/h2><\/li><\/ul><p\u00a0class=\"font_8\" style=\"border: 0px; outline: 0px; vertical-align: baseline; background: transparent; pointer-events: auto; font-size: 15px; line-height: 1.1em; color: rgb(0, 0, 0); letter-spacing: normal; text-decoration-style: initial; text-align: justify;\"><span style=\"border: 0px; outline: 0px; vertical-align: baseline; background: transparent; font-size: 14px;\"><\/span>\n<\/p\u00a0class=\"font_8\">\n\n\n\n\n\n\n\n\n\n\n\n\n\n<h2>Mas Informaci\u00f3n<\/h2>\n\n\n\n\n\n\n\n<h2>Llena este formulario y env\u00edanos un mensaje\u00a0<\/h2>\n\n\n\n\n\n\n\n\n\n<div class=\"wpcf7 no-js\" id=\"wpcf7-f2620-o1\" lang=\"es-ES\" dir=\"ltr\" data-wpcf7-id=\"2620\">\n<div class=\"screen-reader-response\"><p role=\"status\" aria-live=\"polite\" aria-atomic=\"true\"><\/p> <ul><\/ul><\/div>\n<form action=\"\/web\/wp-json\/wp\/v2\/pages\/127#wpcf7-f2620-o1\" method=\"post\" class=\"wpcf7-form init\" aria-label=\"Formulario de contacto\" novalidate=\"novalidate\" data-status=\"init\">\n<fieldset class=\"hidden-fields-container\"><input type=\"hidden\" name=\"_wpcf7\" value=\"2620\" \/><input type=\"hidden\" name=\"_wpcf7_version\" value=\"6.1.5\" \/><input type=\"hidden\" name=\"_wpcf7_locale\" value=\"es_ES\" \/><input type=\"hidden\" name=\"_wpcf7_unit_tag\" value=\"wpcf7-f2620-o1\" \/><input type=\"hidden\" name=\"_wpcf7_container_post\" value=\"0\" \/><input type=\"hidden\" name=\"_wpcf7_posted_data_hash\" value=\"\" \/>\n<\/fieldset>\n<p><label>\n\t\t<font size=3 face=\"Comic Sans Ms, arial, verdana\">Nombres\/Apellidos\n\t\t<\/font><br \/>\n<span class=\"wpcf7-form-control-wrap\" data-name=\"your-name\"><input size=\"40\" maxlength=\"400\" class=\"wpcf7-form-control wpcf7-text wpcf7-validates-as-required\" aria-required=\"true\" aria-invalid=\"false\" value=\"\" type=\"text\" name=\"your-name\" \/><\/span> <\/label>\n<\/p>\n<p><label>\n\t\t<font size=3 face=\"Comic Sans Ms, arial, verdana\">Celular\/whatsapp\n\t\t<\/font><br \/>\n<span class=\"wpcf7-form-control-wrap\" data-name=\"tel-270\"><input size=\"40\" maxlength=\"400\" class=\"wpcf7-form-control wpcf7-tel wpcf7-validates-as-required wpcf7-text wpcf7-validates-as-tel\" aria-required=\"true\" aria-invalid=\"false\" value=\"\" type=\"tel\" name=\"tel-270\" \/><\/span><\/label>\n<\/p>\n<p><label>\n\t\t<font size=3 face=\"Comic Sans Ms, arial, verdana\">Email\n\t\t<\/font><br \/>\n<span class=\"wpcf7-form-control-wrap\" data-name=\"your-email\"><input size=\"40\" maxlength=\"400\" class=\"wpcf7-form-control wpcf7-email wpcf7-validates-as-required wpcf7-text wpcf7-validates-as-email\" aria-required=\"true\" aria-invalid=\"false\" value=\"\" type=\"email\" name=\"your-email\" \/><\/span> <\/label>\n<\/p>\n<font size=3 face=\"Comic Sans Ms, arial, verdana\">Escoge el curso deseado\n<\/font>\n<p><span class=\"wpcf7-form-control-wrap\" data-name=\"checkbox-430\"><span class=\"wpcf7-form-control wpcf7-checkbox wpcf7-validates-as-required\"><span class=\"wpcf7-list-item first last\"><label><input type=\"checkbox\" name=\"checkbox-430[]\" value=\"Ingl\u00e9s Total\" \/><span class=\"wpcf7-list-item-label\">Ingl\u00e9s Total<\/span><\/label><\/span><\/span><\/span>\n<\/p>\n<p><label>\n\t\t<font size=3 face=\"Comic Sans Ms, arial, verdana\">Mensaje (opcional)\n\t\t<\/font><br \/>\n<span class=\"wpcf7-form-control-wrap\" data-name=\"your-message\"><textarea cols=\"40\" rows=\"10\" maxlength=\"2000\" class=\"wpcf7-form-control wpcf7-textarea\" aria-invalid=\"false\" name=\"your-message\"><\/textarea><\/span> <\/label>\n<\/p>\n<p><input class=\"wpcf7-form-control wpcf7-submit has-spinner\" type=\"submit\" value=\"Enviar\" \/>\n<\/p><div class=\"wpcf7-response-output\" aria-hidden=\"true\"><\/div>\n<\/form>\n<\/div>\n\n\n\n\n\n\n\n\n<p><\/p>\n","protected":false},"excerpt":{"rendered":"","protected":false},"author":1,"featured_media":0,"parent":0,"menu_order":0,"comment_status":"closed","ping_status":"closed","template":"","meta":{"pagelayer_contact_templates":[],"_pagelayer_content":"","footnotes":""},"class_list":["post-127","page","type-page","status-publish","hentry"],"_links":{"self":[{"href":"https:\/\/www.cenecu.com\/web\/wp-json\/wp\/v2\/pages\/127","targetHints":{"allow":["GET"]}}],"collection":[{"href":"https:\/\/www.cenecu.com\/web\/wp-json\/wp\/v2\/pages"}],"about":[{"href":"https:\/\/www.cenecu.com\/web\/wp-json\/wp\/v2\/types\/page"}],"author":[{"embeddable":true,"href":"https:\/\/www.cenecu.com\/web\/wp-json\/wp\/v2\/users\/1"}],"replies":[{"embeddable":true,"href":"https:\/\/www.cenecu.com\/web\/wp-json\/wp\/v2\/comments?post=127"}],"version-history":[{"count":16,"href":"https:\/\/www.cenecu.com\/web\/wp-json\/wp\/v2\/pages\/127\/revisions"}],"predecessor-version":[{"id":2625,"href":"https:\/\/www.cenecu.com\/web\/wp-json\/wp\/v2\/pages\/127\/revisions\/2625"}],"wp:attachment":[{"href":"https:\/\/www.cenecu.com\/web\/wp-json\/wp\/v2\/media?parent=127"}],"curies":[{"name":"wp","href":"https:\/\/api.w.org\/{rel}","templated":true}]}}